{"id":59,"date":"2022-09-26T20:05:23","date_gmt":"2022-09-26T20:05:23","guid":{"rendered":"https:\/\/andresbruetsch.ch\/?page_id=59"},"modified":"2022-10-04T14:20:11","modified_gmt":"2022-10-04T14:20:11","slug":"hintergrund","status":"publish","type":"page","link":"https:\/\/andresbruetsch.ch\/?page_id=59","title":{"rendered":"Backstory"},"content":{"rendered":"\n<p class=\"has-text-align-left wp-block-paragraph\">Eine wahre Geschichte als Ausl\u00f6ser eines fiktiven Romans<\/p>\n\n\n\n<p class=\"has-text-align-left wp-block-paragraph\">Am Anfang stand die Reportage von Anja Conzett in der &#8222;Republik&#8220; \u00fcber das &#8222;B\u00fcndner Baukartell&#8220;.<\/p>\n\n\n\n<p class=\"has-text-align-left wp-block-paragraph\">Am meisten besch\u00e4ftigte mich dabei die menschliche Seite dieser Trag\u00f6die, namentlich das Schicksal der Kinder des Whistleblowers Quadroni. Offenbar blieb es ihm als Folge des Skandals fortan untersagt, seine beiden Kinder zu sehen. Eine schlimmere Strafe kann ich mir nicht ausdenken und so entwickelte ich die Geschichte von Lina, die ihren Vater sucht.<\/p>\n\n\n\n<p class=\"has-text-align-left wp-block-paragraph\">Lina lebt mit ihren Eltern in Budapest. Mit knapp zwanzig Jahren erkennt sie zuf\u00e4llig, dass sie zwar mit ihrer Mutter, aber nicht mit ihrem leiblichen Vater aufgewachsen ist. Lina will wissen wer ihr wirklicher Vater ist, erf\u00e4hrt von der Mutter jedoch nur Widerspr\u00fcchliches und Unwahrheiten. Die junge Frau beschliesst ihren Vater zu finden und so entwickelt sich die rein fiktive Geschichte von Linas beschwerlicher Suche nach ihrem Vater, der sich hinter dem Namen &#8222;Pejdr Vuolp&#8220; versteckt.<\/p>\n\n\n\n<figure class=\"wp-block-gallery has-nested-images columns-default is-cropped wp-block-gallery-1 is-layout-flex wp-block-gallery-is-layout-flex\">\n<figure class=\"wp-block-image size-large\"><img loading=\"lazy\" decoding=\"async\" width=\"768\" height=\"1024\" data-id=\"217\" src=\"https:\/\/andresbruetsch.ch\/wp-content\/uploads\/2022\/10\/Budapest-1-1-768x1024.jpg\" alt=\"\" class=\"wp-image-217\" srcset=\"https:\/\/andresbruetsch.ch\/wp-content\/uploads\/2022\/10\/Budapest-1-1-768x1024.jpg 768w, https:\/\/andresbruetsch.ch\/wp-content\/uploads\/2022\/10\/Budapest-1-1-225x300.jpg 225w, https:\/\/andresbruetsch.ch\/wp-content\/uploads\/2022\/10\/Budapest-1-1-1152x1536.jpg 1152w, https:\/\/andresbruetsch.ch\/wp-content\/uploads\/2022\/10\/Budapest-1-1-rotated.jpg 1512w\" sizes=\"auto, (max-width: 768px) 100vw, 768px\" \/><figcaption class=\"wp-element-caption\">Budapest<\/figcaption><\/figure>\n\n\n\n<figure class=\"wp-block-image size-large\"><img loading=\"lazy\" decoding=\"async\" width=\"1024\" height=\"768\" data-id=\"218\" src=\"https:\/\/andresbruetsch.ch\/wp-content\/uploads\/2022\/10\/Budapest-2-1024x768.jpg\" alt=\"\" class=\"wp-image-218\" srcset=\"https:\/\/andresbruetsch.ch\/wp-content\/uploads\/2022\/10\/Budapest-2-1024x768.jpg 1024w, https:\/\/andresbruetsch.ch\/wp-content\/uploads\/2022\/10\/Budapest-2-300x225.jpg 300w, https:\/\/andresbruetsch.ch\/wp-content\/uploads\/2022\/10\/Budapest-2-768x576.jpg 768w, https:\/\/andresbruetsch.ch\/wp-content\/uploads\/2022\/10\/Budapest-2-1536x1152.jpg 1536w, https:\/\/andresbruetsch.ch\/wp-content\/uploads\/2022\/10\/Budapest-2.jpg 2016w\" sizes=\"auto, (max-width: 1024px) 100vw, 1024px\" \/><figcaption class=\"wp-element-caption\">Budapest<\/figcaption><\/figure>\n\n\n\n<figure class=\"wp-block-image size-large\"><img loading=\"lazy\" decoding=\"async\" width=\"1024\" height=\"768\" data-id=\"220\" src=\"https:\/\/andresbruetsch.ch\/wp-content\/uploads\/2022\/10\/Budapest-3-1024x768.jpg\" alt=\"\" class=\"wp-image-220\" srcset=\"https:\/\/andresbruetsch.ch\/wp-content\/uploads\/2022\/10\/Budapest-3-1024x768.jpg 1024w, https:\/\/andresbruetsch.ch\/wp-content\/uploads\/2022\/10\/Budapest-3-300x225.jpg 300w, https:\/\/andresbruetsch.ch\/wp-content\/uploads\/2022\/10\/Budapest-3-768x576.jpg 768w, https:\/\/andresbruetsch.ch\/wp-content\/uploads\/2022\/10\/Budapest-3-1536x1152.jpg 1536w, https:\/\/andresbruetsch.ch\/wp-content\/uploads\/2022\/10\/Budapest-3.jpg 2016w\" sizes=\"auto, (max-width: 1024px) 100vw, 1024px\" \/><figcaption class=\"wp-element-caption\">Budapest<\/figcaption><\/figure>\n\n\n\n<figure class=\"wp-block-image size-large\"><img loading=\"lazy\" decoding=\"async\" width=\"768\" height=\"1024\" data-id=\"219\" src=\"https:\/\/andresbruetsch.ch\/wp-content\/uploads\/2022\/10\/Budapest-K-768x1024.jpg\" alt=\"\" class=\"wp-image-219\" srcset=\"https:\/\/andresbruetsch.ch\/wp-content\/uploads\/2022\/10\/Budapest-K-768x1024.jpg 768w, https:\/\/andresbruetsch.ch\/wp-content\/uploads\/2022\/10\/Budapest-K-225x300.jpg 225w, https:\/\/andresbruetsch.ch\/wp-content\/uploads\/2022\/10\/Budapest-K-1152x1536.jpg 1152w, https:\/\/andresbruetsch.ch\/wp-content\/uploads\/2022\/10\/Budapest-K-rotated.jpg 1512w\" sizes=\"auto, (max-width: 768px) 100vw, 768px\" \/><figcaption class=\"wp-element-caption\">Budapest<\/figcaption><\/figure>\n\n\n\n<figure class=\"wp-block-image size-large\"><img loading=\"lazy\" decoding=\"async\" width=\"435\" height=\"300\" data-id=\"61\" src=\"https:\/\/andresbruetsch.ch\/wp-content\/uploads\/2022\/09\/scuol.png\" alt=\"\" class=\"wp-image-61\" srcset=\"https:\/\/andresbruetsch.ch\/wp-content\/uploads\/2022\/09\/scuol.png 435w, https:\/\/andresbruetsch.ch\/wp-content\/uploads\/2022\/09\/scuol-300x207.png 300w, https:\/\/andresbruetsch.ch\/wp-content\/uploads\/2022\/09\/scuol-100x69.png 100w, https:\/\/andresbruetsch.ch\/wp-content\/uploads\/2022\/09\/scuol-150x103.png 150w, https:\/\/andresbruetsch.ch\/wp-content\/uploads\/2022\/09\/scuol-200x138.png 200w\" sizes=\"auto, (max-width: 435px) 100vw, 435px\" \/><figcaption class=\"wp-element-caption\">Pressephoto<\/figcaption><\/figure>\n\n\n\n<figure class=\"wp-block-image size-large\"><img loading=\"lazy\" decoding=\"async\" width=\"545\" height=\"675\" data-id=\"223\" src=\"https:\/\/andresbruetsch.ch\/wp-content\/uploads\/2022\/10\/Scuol.png\" alt=\"\" class=\"wp-image-223\" srcset=\"https:\/\/andresbruetsch.ch\/wp-content\/uploads\/2022\/10\/Scuol.png 545w, https:\/\/andresbruetsch.ch\/wp-content\/uploads\/2022\/10\/Scuol-242x300.png 242w\" sizes=\"auto, (max-width: 545px) 100vw, 545px\" \/><figcaption class=\"wp-element-caption\">Scuol<\/figcaption><\/figure>\n\n\n\n<figure class=\"wp-block-image size-large\"><img loading=\"lazy\" decoding=\"async\" width=\"667\" height=\"666\" data-id=\"221\" src=\"https:\/\/andresbruetsch.ch\/wp-content\/uploads\/2022\/10\/Tarasp.png\" alt=\"\" class=\"wp-image-221\" srcset=\"https:\/\/andresbruetsch.ch\/wp-content\/uploads\/2022\/10\/Tarasp.png 667w, https:\/\/andresbruetsch.ch\/wp-content\/uploads\/2022\/10\/Tarasp-300x300.png 300w, https:\/\/andresbruetsch.ch\/wp-content\/uploads\/2022\/10\/Tarasp-150x150.png 150w\" sizes=\"auto, (max-width: 667px) 100vw, 667px\" \/><figcaption class=\"wp-element-caption\">Tarasp<\/figcaption><\/figure>\n\n\n\n<figure class=\"wp-block-image size-large\"><img loading=\"lazy\" decoding=\"async\" width=\"963\" height=\"553\" data-id=\"222\" src=\"https:\/\/andresbruetsch.ch\/wp-content\/uploads\/2022\/10\/Passfahrt.png\" alt=\"\" class=\"wp-image-222\" srcset=\"https:\/\/andresbruetsch.ch\/wp-content\/uploads\/2022\/10\/Passfahrt.png 963w, https:\/\/andresbruetsch.ch\/wp-content\/uploads\/2022\/10\/Passfahrt-300x172.png 300w, https:\/\/andresbruetsch.ch\/wp-content\/uploads\/2022\/10\/Passfahrt-768x441.png 768w\" sizes=\"auto, (max-width: 963px) 100vw, 963px\" \/><figcaption class=\"wp-element-caption\">Fl\u00fcelapass<\/figcaption><\/figure>\n<\/figure>\n","protected":false},"excerpt":{"rendered":"<p>Eine wahre Geschichte als Ausl\u00f6ser eines fiktiven Romans Am Anfang stand die Reportage von Anja Conzett in der &#8222;Republik&#8220; \u00fcber das &#8222;B\u00fcndner Baukartell&#8220;. Am meisten besch\u00e4ftigte mich dabei die menschliche Seite dieser Trag\u00f6die, namentlich das Schicksal der Kinder des Whistleblowers Quadroni. Offenbar blieb es ihm als Folge des Skandals fortan untersagt, seine beiden Kinder zu [&hellip;]<\/p>\n","protected":false},"author":1,"featured_media":0,"parent":0,"menu_order":0,"comment_status":"closed","ping_status":"closed","template":"","meta":{"_crdt_document":"","footnotes":""},"class_list":["post-59","page","type-page","status-publish","hentry"],"_links":{"self":[{"href":"https:\/\/andresbruetsch.ch\/index.php?rest_route=\/wp\/v2\/pages\/59","targetHints":{"allow":["GET"]}}],"collection":[{"href":"https:\/\/andresbruetsch.ch\/index.php?rest_route=\/wp\/v2\/pages"}],"about":[{"href":"https:\/\/andresbruetsch.ch\/index.php?rest_route=\/wp\/v2\/types\/page"}],"author":[{"embeddable":true,"href":"https:\/\/andresbruetsch.ch\/index.php?rest_route=\/wp\/v2\/users\/1"}],"replies":[{"embeddable":true,"href":"https:\/\/andresbruetsch.ch\/index.php?rest_route=%2Fwp%2Fv2%2Fcomments&post=59"}],"version-history":[{"count":11,"href":"https:\/\/andresbruetsch.ch\/index.php?rest_route=\/wp\/v2\/pages\/59\/revisions"}],"predecessor-version":[{"id":226,"href":"https:\/\/andresbruetsch.ch\/index.php?rest_route=\/wp\/v2\/pages\/59\/revisions\/226"}],"wp:attachment":[{"href":"https:\/\/andresbruetsch.ch\/index.php?rest_route=%2Fwp%2Fv2%2Fmedia&parent=59"}],"curies":[{"name":"wp","href":"https:\/\/api.w.org\/{rel}","templated":true}]}}